{"id":1447,"date":"2021-07-05T06:31:01","date_gmt":"2021-07-05T03:31:01","guid":{"rendered":"http:\/\/sw-themes.com\/porto_dummy\/?page_id=1447"},"modified":"2024-05-08T18:47:36","modified_gmt":"2024-05-08T15:47:36","slug":"contact","status":"publish","type":"page","link":"https:\/\/wseku-karate.org\/en\/contact\/","title":{"rendered":"Contact"},"content":{"rendered":"<div data-elementor-type=\"wp-page\" data-elementor-id=\"1447\" class=\"elementor elementor-1447\" data-elementor-post-type=\"page\">\n\t\t\t\t\t\t<section data-particle_enable=\"false\" data-particle-mobile-disabled=\"false\" class=\"elementor-section elementor-top-section elementor-element elementor-element-33f8472 elementor-section-height-min-height elementor-section-boxed elementor-section-height-default elementor-section-items-middle\" data-id=\"33f8472\" data-element_type=\"section\" data-e-type=\"section\" data-settings=\"{&quot;background_background&quot;:&quot;classic&quot;,&quot;shape_divider_bottom&quot;:&quot;opacity-tilt&quot;}\">\r\n\t\t\t\t<div class=\"elementor-shape elementor-shape-bottom\" data-negative=\"false\">\r\n\t\t\t<svg xmlns=\"http:\/\/www.w3.org\/2000\/svg\" viewbox=\"0 0 2600 131.1\" preserveaspectratio=\"none\">\n\t<path class=\"elementor-shape-fill\" d=\"M0 0L2600 0 2600 69.1 0 0z\"\/>\n\t<path class=\"elementor-shape-fill\" style=\"opacity:0.5\" d=\"M0 0L2600 0 2600 69.1 0 69.1z\"\/>\n\t<path class=\"elementor-shape-fill\" style=\"opacity:0.25\" d=\"M2600 0L0 0 0 130.1 2600 69.1z\"\/>\n<\/svg>\t\t<\/div>\r\n\t\t\r\n\t\t\t\t\t\t\t<div class=\"elementor-container elementor-column-gap-default\">\r\n\t\t\t\t\t\t\t\t\t\t\t<div class=\"elementor-column elementor-col-100 elementor-top-column elementor-element elementor-element-ca58cd7\" data-id=\"ca58cd7\" data-element_type=\"column\" data-e-type=\"column\">\r\n\t\t\t\t\t<div class=\"elementor-widget-wrap elementor-element-populated\">\r\n\t\t\t\t\t\t\t\t<div class=\"elementor-element elementor-element-65f10c8 animated-slow elementor-invisible elementor-widget elementor-widget-heading\" data-id=\"65f10c8\" data-element_type=\"widget\" data-e-type=\"widget\" data-settings=\"{&quot;_animation&quot;:&quot;zoomIn&quot;,&quot;_animation_delay&quot;:&quot;200&quot;}\" data-widget_type=\"heading.default\">\n\t\t\t\t<div class=\"elementor-widget-container\">\n\t\t\t\t\t<h1 class=\"elementor-heading-title elementor-size-default\">World Sport Education Karate Union<\/h1>\t\t\t\t<\/div>\n\t\t\t\t<\/div>\n\t\t\t\t<div class=\"elementor-element elementor-element-50dd9fa animated-slow elementor-invisible elementor-widget elementor-widget-image\" data-id=\"50dd9fa\" data-element_type=\"widget\" data-e-type=\"widget\" data-settings=\"{&quot;_animation&quot;:&quot;zoomInUp&quot;,&quot;_animation_delay&quot;:500}\" data-widget_type=\"image.default\">\n\t\t\t\t<div class=\"elementor-widget-container\">\n\t\t\t\t\t\t\t\t\t\t\t\t\t\t\t<img decoding=\"async\" width=\"598\" height=\"53\" src=\"https:\/\/wseku-karate.org\/wp-content\/uploads\/2022\/09\/wseku-japanese.png\" class=\"attachment-full size-full wp-image-3643\" alt=\"\" srcset=\"https:\/\/wseku-karate.org\/wp-content\/uploads\/2022\/09\/wseku-japanese.png 598w, https:\/\/wseku-karate.org\/wp-content\/uploads\/2022\/09\/wseku-japanese-400x35.png 400w, https:\/\/wseku-karate.org\/wp-content\/uploads\/2022\/09\/wseku-japanese-367x33.png 367w\" sizes=\"(max-width: 598px) 100vw, 598px\" \/>\t\t\t\t\t\t\t\t\t\t\t\t\t\t\t<\/div>\n\t\t\t\t<\/div>\n\t\t\t\t<div class=\"elementor-element elementor-element-3cf092b e-transform elementor-invisible elementor-widget elementor-widget-porto_button\" data-id=\"3cf092b\" data-element_type=\"widget\" data-e-type=\"widget\" data-settings=\"{&quot;align&quot;:&quot;center&quot;,&quot;_animation&quot;:&quot;fadeInUp&quot;,&quot;_animation_delay&quot;:500,&quot;_animation_mobile&quot;:&quot;fadeInUp&quot;,&quot;_transform_scale_effect_hover_mobile&quot;:{&quot;unit&quot;:&quot;px&quot;,&quot;size&quot;:0.9,&quot;sizes&quot;:[]},&quot;_transform_scale_effect_hover&quot;:{&quot;unit&quot;:&quot;px&quot;,&quot;size&quot;:&quot;&quot;,&quot;sizes&quot;:[]},&quot;_transform_scale_effect_hover_tablet&quot;:{&quot;unit&quot;:&quot;px&quot;,&quot;size&quot;:&quot;&quot;,&quot;sizes&quot;:[]}}\" data-widget_type=\"porto_button.default\">\n\t\t\t\t<div class=\"elementor-widget-container\">\n\t\t\t\t\t<a class=\"btn btn-sm btn-light btn-borders btn-icon\" href=\"https:\/\/wseku-karate.org\/en\/inscriere-membrii\/\"><i class=\"far fa-address-card\"><\/i><span >Join now!<\/span><\/a>\t\t\t\t<\/div>\n\t\t\t\t<\/div>\n\t\t\t\t\t<\/div>\r\n\t\t\t\t<\/div>\r\n\t\t\t\t\t<\/div>\r\n\t\t\t\t<\/section>\r\n\t\t\t\t<section data-particle_enable=\"false\" data-particle-mobile-disabled=\"false\" class=\"elementor-section elementor-top-section elementor-element elementor-element-4dd650f elementor-section-boxed elementor-section-height-default elementor-section-height-default\" data-id=\"4dd650f\" data-element_type=\"section\" data-e-type=\"section\">\r\n\t\t\r\n\t\t\t\t\t\t\t<div class=\"elementor-container elementor-column-gap-default\">\r\n\t\t\t\t\t\t\t\t\t\t\t<div class=\"elementor-column elementor-col-50 elementor-top-column elementor-element elementor-element-a824a84\" data-id=\"a824a84\" data-element_type=\"column\" data-e-type=\"column\">\r\n\t\t\t\t\t<div class=\"elementor-widget-wrap elementor-element-populated\">\r\n\t\t\t\t\t\t\t\t<div class=\"elementor-element elementor-element-ac1f247 elementor-widget elementor-widget-porto_ultimate_heading\" data-id=\"ac1f247\" data-element_type=\"widget\" data-e-type=\"widget\" data-widget_type=\"porto_ultimate_heading.default\">\n\t\t\t\t<div class=\"elementor-widget-container\">\n\t\t\t\t\t<div class=\"porto-u-heading  porto-u-7cde7bb859728a21207628191890e260\"><div class=\"porto-u-main-heading\"><h2    style=\"margin-bottom: 20px;\">Contact form <\/h2><\/div><div class=\"porto-u-sub-heading\" style=\"\"><p>Do you have questions? We are happy to help. Get in touch with us.<\/p><\/div><style>.porto-u-7cde7bb859728a21207628191890e260.porto-u-heading{text-align:left}<\/style><\/div>\t\t\t\t<\/div>\n\t\t\t\t<\/div>\n\t\t\t\t<div class=\"elementor-element elementor-element-70842e3 elementor-widget elementor-widget-shortcode\" data-id=\"70842e3\" data-element_type=\"widget\" data-e-type=\"widget\" data-widget_type=\"shortcode.default\">\n\t\t\t\t<div class=\"elementor-widget-container\">\n\t\t\t\t\t\t\t<div class=\"elementor-shortcode\">\n<div class=\"wpcf7 no-js\" id=\"wpcf7-f1484-o1\" lang=\"en-US\" dir=\"ltr\" data-wpcf7-id=\"1484\">\n<div class=\"screen-reader-response\"><p role=\"status\" aria-live=\"polite\" aria-atomic=\"true\"><\/p> <ul><\/ul><\/div>\n<form action=\"\/en\/wp-json\/wp\/v2\/pages\/1447#wpcf7-f1484-o1\" method=\"post\" class=\"wpcf7-form init\" aria-label=\"Contact form\" novalidate=\"novalidate\" data-status=\"init\" data-trp-original-action=\"\/en\/wp-json\/wp\/v2\/pages\/1447#wpcf7-f1484-o1\">\n<fieldset class=\"hidden-fields-container\"><input type=\"hidden\" name=\"_wpcf7\" value=\"1484\" \/><input type=\"hidden\" name=\"_wpcf7_version\" value=\"6.1.5\" \/><input type=\"hidden\" name=\"_wpcf7_locale\" value=\"en_US\" \/><input type=\"hidden\" name=\"_wpcf7_unit_tag\" value=\"wpcf7-f1484-o1\" \/><input type=\"hidden\" name=\"_wpcf7_container_post\" value=\"0\" \/><input type=\"hidden\" name=\"_wpcf7_posted_data_hash\" value=\"\" \/><input type=\"hidden\" name=\"_wpcf7_recaptcha_response\" value=\"\" \/>\n<\/fieldset>\n<div class=\"row form-contact\">\n    <div class=\"col-lg-6\">\n        <div class=\"form-group\">\n            <label for=\"contact-name\" class=\"mb-1 font-size-sm\">Name<\/label>\n            <span class=\"wpcf7-form-control-wrap\" data-name=\"your-name\"><input size=\"40\" maxlength=\"400\" class=\"wpcf7-form-control wpcf7-text wpcf7-validates-as-required form-control\" id=\"contact-name\" aria-required=\"true\" aria-invalid=\"false\" value=\"\" type=\"text\" name=\"your-name\" \/><\/span>\n        <\/div><\/div>\n    <div class=\"col-lg-6\">\n        <div class=\"form-group\">\n            <label for=\"contact-email\" class=\"mb-1 font-size-sm\">Email Address<\/label>\n            <span class=\"wpcf7-form-control-wrap\" data-name=\"your-email\"><input size=\"40\" maxlength=\"400\" class=\"wpcf7-form-control wpcf7-email wpcf7-validates-as-required wpcf7-text wpcf7-validates-as-email form-control\" id=\"contact-email\" aria-required=\"true\" aria-invalid=\"false\" value=\"\" type=\"email\" name=\"your-email\" \/><\/span>\n        <\/div><\/div>\n    <div class=\"col-lg-12\">\n        <div class=\"form-group\">\n            <label for=\"contact-subject\" class=\"mb-1 font-size-sm\">Phone:<\/label>\n            <span class=\"wpcf7-form-control-wrap\" data-name=\"tel-362\"><input size=\"40\" maxlength=\"400\" class=\"wpcf7-form-control wpcf7-tel wpcf7-text wpcf7-validates-as-tel form-control\" aria-invalid=\"false\" value=\"\" type=\"tel\" name=\"tel-362\" \/><\/span>\n        <\/div><\/div>\n    <div class=\"col-lg-12\">\n        <div class=\"form-group\">\n            <label for=\"contact-message\" class=\"mb-1 font-size-sm\">Message...<\/label>\n            <span class=\"wpcf7-form-control-wrap\" data-name=\"your-message\"><textarea cols=\"40\" rows=\"8\" maxlength=\"5000\" class=\"wpcf7-form-control wpcf7-textarea form-control\" id=\"contact-message\" aria-invalid=\"false\" name=\"your-message\"><\/textarea><\/span>\n        <\/div><\/div>\n    <div class=\"col-lg-12\">\n        <div class=\"form-group\">\n            <input class=\"wpcf7-form-control wpcf7-submit has-spinner btn btn-primary btn-modern font-size-xs line-height-xs\" type=\"submit\" value=\"Send Message\" \/>\n        <\/div><\/div>\n<\/div><p style=\"display: none !important;\" class=\"akismet-fields-container\" data-prefix=\"_wpcf7_ak_\"><label>&#916;<textarea name=\"_wpcf7_ak_hp_textarea\" cols=\"45\" rows=\"8\" maxlength=\"100\"><\/textarea><\/label><input type=\"hidden\" id=\"ak_js_1\" name=\"_wpcf7_ak_js\" value=\"207\"\/><script>document.getElementById( \"ak_js_1\" ).setAttribute( \"value\", ( new Date() ).getTime() );<\/script><\/p><div class=\"wpcf7-response-output\" aria-hidden=\"true\"><\/div>\n<input type=\"hidden\" name=\"trp-form-language\" value=\"en\"\/><\/form>\n<\/div>\n<\/div>\n\t\t\t\t\t\t<\/div>\n\t\t\t\t<\/div>\n\t\t\t\t\t<\/div>\r\n\t\t\t\t<\/div>\r\n\t\t\t\t<div class=\"elementor-column elementor-col-50 elementor-top-column elementor-element elementor-element-3d2b43b\" data-id=\"3d2b43b\" data-element_type=\"column\" data-e-type=\"column\">\r\n\t\t\t\t\t<div class=\"elementor-widget-wrap elementor-element-populated\">\r\n\t\t\t\t\t\t\t\t<div class=\"elementor-element elementor-element-56195ef mt-1 mb-1 elementor-widget elementor-widget-heading\" data-id=\"56195ef\" data-element_type=\"widget\" data-e-type=\"widget\" data-widget_type=\"heading.default\">\n\t\t\t\t<div class=\"elementor-widget-container\">\n\t\t\t\t\t<h2 class=\"elementor-heading-title elementor-size-default translation-block\"><strong class=\"font-weight-extra-bold\">WSEKU<\/strong> Office<\/h2>\t\t\t\t<\/div>\n\t\t\t\t<\/div>\n\t\t\t\t<div class=\"elementor-element elementor-element-b22a469 with-border elementor-icon-list--layout-traditional elementor-list-item-link-full_width elementor-widget elementor-widget-icon-list\" data-id=\"b22a469\" data-element_type=\"widget\" data-e-type=\"widget\" data-widget_type=\"icon-list.default\">\n\t\t\t\t<div class=\"elementor-widget-container\">\n\t\t\t\t\t\t\t<ul class=\"elementor-icon-list-items\">\n\t\t\t\t\t\t\t<li class=\"elementor-icon-list-item\">\n\t\t\t\t\t\t\t\t\t\t\t<span class=\"elementor-icon-list-icon\">\n\t\t\t\t\t\t\t<i aria-hidden=\"true\" class=\"fas fa-map-marker-alt\"><\/i>\t\t\t\t\t\t<\/span>\n\t\t\t\t\t\t\t\t\t\t<span class=\"elementor-icon-list-text\"><b class=\"text-dark\">Address:<\/b> Performance Center in Karate Shogunul Oradea, Str. Pet\u0151fi no. 5, Romania <\/span>\n\t\t\t\t\t\t\t\t\t<\/li>\n\t\t\t\t\t\t\t\t<li class=\"elementor-icon-list-item\">\n\t\t\t\t\t\t\t\t\t\t\t<a href=\"tel:0040722358792\">\n\n\t\t\t\t\t\t\t\t\t\t\t\t<span class=\"elementor-icon-list-icon\">\n\t\t\t\t\t\t\t<i aria-hidden=\"true\" class=\"fas fa-phone\"><\/i>\t\t\t\t\t\t<\/span>\n\t\t\t\t\t\t\t\t\t\t<span class=\"elementor-icon-list-text\"><b class=\"text-dark\">Phone:<\/b> +40 (0) 722-358.792<\/span>\n\t\t\t\t\t\t\t\t\t\t\t<\/a>\n\t\t\t\t\t\t\t\t\t<\/li>\n\t\t\t\t\t\t\t\t<li class=\"elementor-icon-list-item\">\n\t\t\t\t\t\t\t\t\t\t\t<a href=\"mailto:secretariat@wseku-karate.org\">\n\n\t\t\t\t\t\t\t\t\t\t\t\t<span class=\"elementor-icon-list-icon\">\n\t\t\t\t\t\t\t<i aria-hidden=\"true\" class=\"fas fa-envelope\"><\/i>\t\t\t\t\t\t<\/span>\n\t\t\t\t\t\t\t\t\t\t<span class=\"elementor-icon-list-text\"><b class=\"text-dark\">E-mai:<\/b> secretariat@wseku-karate.org<\/span>\n\t\t\t\t\t\t\t\t\t\t\t<\/a>\n\t\t\t\t\t\t\t\t\t<\/li>\n\t\t\t\t\t\t<\/ul>\n\t\t\t\t\t\t<\/div>\n\t\t\t\t<\/div>\n\t\t\t\t<div class=\"elementor-element elementor-element-81ce376 elementor-widget elementor-widget-google_maps\" data-id=\"81ce376\" data-element_type=\"widget\" data-e-type=\"widget\" data-widget_type=\"google_maps.default\">\n\t\t\t\t<div class=\"elementor-widget-container\">\n\t\t\t\t\t\t\t<div class=\"elementor-custom-embed\">\n\t\t\t<iframe loading=\"lazy\"\n\t\t\t\t\tsrc=\"https:\/\/maps.google.com\/maps?q=Centrul%20de%20performanta%20Clubul%20Sportiv%20Karate%20Shogunul%20Oradea&#038;t=m&#038;z=14&#038;output=embed&#038;iwloc=near\"\n\t\t\t\t\ttitle=\"Centrul de performanta Clubul Sportiv Karate Shogunul Oradea\"\n\t\t\t\t\taria-label=\"Centrul de performanta Clubul Sportiv Karate Shogunul Oradea\"\n\t\t\t><\/iframe>\n\t\t<\/div>\n\t\t\t\t\t\t<\/div>\n\t\t\t\t<\/div>\n\t\t\t\t\t<\/div>\r\n\t\t\t\t<\/div>\r\n\t\t\t\t\t<\/div>\r\n\t\t\t\t<\/section>\r\n\t\t\t\t<\/div>","protected":false},"excerpt":{"rendered":"<p>World Sport Education Karate Union \u00censcriere membri Formular contact Ave\u021bi \u00eentreb\u0103ri? Suntem bucuro\u0219i s\u0103 v\u0103 ajut\u0103m. Lua\u021bi leg\u0103tura cu noi. Sediul WSEKU Adres\u0103: Centrul de performan\u021b\u0103 \u00een Karate Shogunul Oradea, Str. Pet\u0151fi nr. 5 Telefon: +40 (0) 722-358.792 E-mai: secretariat@wseku-karate.org<\/p>","protected":false},"author":1,"featured_media":0,"parent":0,"menu_order":0,"comment_status":"closed","ping_status":"closed","template":"","meta":{"inline_featured_image":false,"footnotes":""},"class_list":["post-1447","page","type-page","status-publish","hentry"],"yoast_head":"<!-- This site is optimized with the Yoast SEO Premium plugin v27.2 (Yoast SEO v27.2) - https:\/\/yoast.com\/product\/yoast-seo-premium-wordpress\/ -->\n<title>Contact - World Sport Education Karate Union WSEKU \u2013 Official Page<\/title>\n<meta name=\"robots\" content=\"index, follow, max-snippet:-1, max-image-preview:large, max-video-preview:-1\" \/>\n<link rel=\"canonical\" href=\"https:\/\/wseku-karate.org\/en\/contact\/\" \/>\n<meta property=\"og:locale\" content=\"en_GB\" \/>\n<meta property=\"og:type\" content=\"article\" \/>\n<meta property=\"og:title\" content=\"Contact\" \/>\n<meta property=\"og:description\" content=\"World Sport Education Karate Union \u00censcriere membri Formular contact Ave\u021bi \u00eentreb\u0103ri? Suntem bucuro\u0219i s\u0103 v\u0103 ajut\u0103m. Lua\u021bi leg\u0103tura cu noi. Sediul WSEKU Adres\u0103: Centrul de performan\u021b\u0103 \u00een Karate Shogunul Oradea, Str. Pet\u0151fi nr. 5 Telefon: +40 (0) 722-358.792 E-mai: secretariat@wseku-karate.org\" \/>\n<meta property=\"og:url\" content=\"https:\/\/wseku-karate.org\/en\/contact\/\" \/>\n<meta property=\"og:site_name\" content=\"World Sport Education Karate Union WSEKU \u2013 Official Page\" \/>\n<meta property=\"article:modified_time\" content=\"2024-05-08T15:47:36+00:00\" \/>\n<meta property=\"og:image\" content=\"https:\/\/wseku-karate.org\/wp-content\/uploads\/2022\/09\/wseku-japanese.png\" \/>\n<meta name=\"twitter:card\" content=\"summary_large_image\" \/>\n<meta name=\"twitter:label1\" content=\"Estimated reading time\" \/>\n\t<meta name=\"twitter:data1\" content=\"1 minute\" \/>\n<script type=\"application\/ld+json\" class=\"yoast-schema-graph\">{\"@context\":\"https:\/\/schema.org\",\"@graph\":[{\"@type\":\"WebPage\",\"@id\":\"https:\/\/wseku-karate.org\/contact\/\",\"url\":\"https:\/\/wseku-karate.org\/contact\/\",\"name\":\"Contact - World Sport Education Karate Union WSEKU \u2013 Official Page\",\"isPartOf\":{\"@id\":\"https:\/\/wseku-karate.org\/#website\"},\"primaryImageOfPage\":{\"@id\":\"https:\/\/wseku-karate.org\/contact\/#primaryimage\"},\"image\":{\"@id\":\"https:\/\/wseku-karate.org\/contact\/#primaryimage\"},\"thumbnailUrl\":\"https:\/\/wseku-karate.org\/wp-content\/uploads\/2022\/09\/wseku-japanese.png\",\"datePublished\":\"2021-07-05T03:31:01+00:00\",\"dateModified\":\"2024-05-08T15:47:36+00:00\",\"breadcrumb\":{\"@id\":\"https:\/\/wseku-karate.org\/contact\/#breadcrumb\"},\"inLanguage\":\"en-GB\",\"potentialAction\":[{\"@type\":\"ReadAction\",\"target\":[\"https:\/\/wseku-karate.org\/contact\/\"]}]},{\"@type\":\"ImageObject\",\"inLanguage\":\"en-GB\",\"@id\":\"https:\/\/wseku-karate.org\/contact\/#primaryimage\",\"url\":\"https:\/\/wseku-karate.org\/wp-content\/uploads\/2022\/09\/wseku-japanese.png\",\"contentUrl\":\"https:\/\/wseku-karate.org\/wp-content\/uploads\/2022\/09\/wseku-japanese.png\"},{\"@type\":\"BreadcrumbList\",\"@id\":\"https:\/\/wseku-karate.org\/contact\/#breadcrumb\",\"itemListElement\":[{\"@type\":\"ListItem\",\"position\":1,\"name\":\"Prima pagin\u0103\",\"item\":\"https:\/\/wseku-karate.org\/\"},{\"@type\":\"ListItem\",\"position\":2,\"name\":\"Contact\"}]},{\"@type\":\"WebSite\",\"@id\":\"https:\/\/wseku-karate.org\/#website\",\"url\":\"https:\/\/wseku-karate.org\/\",\"name\":\"World Sport Education Karate Union WSEKU \u2013 Official Page\",\"description\":\"\",\"potentialAction\":[{\"@type\":\"SearchAction\",\"target\":{\"@type\":\"EntryPoint\",\"urlTemplate\":\"https:\/\/wseku-karate.org\/?s={search_term_string}\"},\"query-input\":{\"@type\":\"PropertyValueSpecification\",\"valueRequired\":true,\"valueName\":\"search_term_string\"}}],\"inLanguage\":\"en-GB\"}]}<\/script>\n<!-- \/ Yoast SEO Premium plugin. -->","yoast_head_json":{"title":"Contact - World Sport Education Karate Union WSEKU \u2013 Official Page","robots":{"index":"index","follow":"follow","max-snippet":"max-snippet:-1","max-image-preview":"max-image-preview:large","max-video-preview":"max-video-preview:-1"},"canonical":"https:\/\/wseku-karate.org\/en\/contact\/","og_locale":"en_GB","og_type":"article","og_title":"Contact","og_description":"World Sport Education Karate Union \u00censcriere membri Formular contact Ave\u021bi \u00eentreb\u0103ri? Suntem bucuro\u0219i s\u0103 v\u0103 ajut\u0103m. Lua\u021bi leg\u0103tura cu noi. Sediul WSEKU Adres\u0103: Centrul de performan\u021b\u0103 \u00een Karate Shogunul Oradea, Str. Pet\u0151fi nr. 5 Telefon: +40 (0) 722-358.792 E-mai: secretariat@wseku-karate.org","og_url":"https:\/\/wseku-karate.org\/en\/contact\/","og_site_name":"World Sport Education Karate Union WSEKU \u2013 Official Page","article_modified_time":"2024-05-08T15:47:36+00:00","og_image":[{"url":"https:\/\/wseku-karate.org\/wp-content\/uploads\/2022\/09\/wseku-japanese.png","type":"","width":"","height":""}],"twitter_card":"summary_large_image","twitter_misc":{"Estimated reading time":"1 minute"},"schema":{"@context":"https:\/\/schema.org","@graph":[{"@type":"WebPage","@id":"https:\/\/wseku-karate.org\/contact\/","url":"https:\/\/wseku-karate.org\/contact\/","name":"Contact - World Sport Education Karate Union WSEKU \u2013 Official Page","isPartOf":{"@id":"https:\/\/wseku-karate.org\/#website"},"primaryImageOfPage":{"@id":"https:\/\/wseku-karate.org\/contact\/#primaryimage"},"image":{"@id":"https:\/\/wseku-karate.org\/contact\/#primaryimage"},"thumbnailUrl":"https:\/\/wseku-karate.org\/wp-content\/uploads\/2022\/09\/wseku-japanese.png","datePublished":"2021-07-05T03:31:01+00:00","dateModified":"2024-05-08T15:47:36+00:00","breadcrumb":{"@id":"https:\/\/wseku-karate.org\/contact\/#breadcrumb"},"inLanguage":"en-GB","potentialAction":[{"@type":"ReadAction","target":["https:\/\/wseku-karate.org\/contact\/"]}]},{"@type":"ImageObject","inLanguage":"en-GB","@id":"https:\/\/wseku-karate.org\/contact\/#primaryimage","url":"https:\/\/wseku-karate.org\/wp-content\/uploads\/2022\/09\/wseku-japanese.png","contentUrl":"https:\/\/wseku-karate.org\/wp-content\/uploads\/2022\/09\/wseku-japanese.png"},{"@type":"BreadcrumbList","@id":"https:\/\/wseku-karate.org\/contact\/#breadcrumb","itemListElement":[{"@type":"ListItem","position":1,"name":"Prima pagin\u0103","item":"https:\/\/wseku-karate.org\/"},{"@type":"ListItem","position":2,"name":"Contact"}]},{"@type":"WebSite","@id":"https:\/\/wseku-karate.org\/#website","url":"https:\/\/wseku-karate.org\/","name":"World Sport Education Karate Union WSEKU \u2013 Official Page","description":"","potentialAction":[{"@type":"SearchAction","target":{"@type":"EntryPoint","urlTemplate":"https:\/\/wseku-karate.org\/?s={search_term_string}"},"query-input":{"@type":"PropertyValueSpecification","valueRequired":true,"valueName":"search_term_string"}}],"inLanguage":"en-GB"}]}},"_links":{"self":[{"href":"https:\/\/wseku-karate.org\/en\/wp-json\/wp\/v2\/pages\/1447","targetHints":{"allow":["GET"]}}],"collection":[{"href":"https:\/\/wseku-karate.org\/en\/wp-json\/wp\/v2\/pages"}],"about":[{"href":"https:\/\/wseku-karate.org\/en\/wp-json\/wp\/v2\/types\/page"}],"author":[{"embeddable":true,"href":"https:\/\/wseku-karate.org\/en\/wp-json\/wp\/v2\/users\/1"}],"replies":[{"embeddable":true,"href":"https:\/\/wseku-karate.org\/en\/wp-json\/wp\/v2\/comments?post=1447"}],"version-history":[{"count":70,"href":"https:\/\/wseku-karate.org\/en\/wp-json\/wp\/v2\/pages\/1447\/revisions"}],"predecessor-version":[{"id":9747,"href":"https:\/\/wseku-karate.org\/en\/wp-json\/wp\/v2\/pages\/1447\/revisions\/9747"}],"wp:attachment":[{"href":"https:\/\/wseku-karate.org\/en\/wp-json\/wp\/v2\/media?parent=1447"}],"curies":[{"name":"wp","href":"https:\/\/api.w.org\/{rel}","templated":true}]}}